{"id":8,"date":"2026-03-02T03:06:22","date_gmt":"2026-03-02T03:06:22","guid":{"rendered":"https:\/\/novagearstore.com\/cart\/"},"modified":"2026-03-14T02:49:00","modified_gmt":"2026-03-14T02:49:00","slug":"cart","status":"publish","type":"page","link":"https:\/\/novagearstore.com\/fr\/cart\/","title":{"rendered":"Cart"},"content":{"rendered":"<div data-block-name=\"woocommerce\/cart\" class=\"wp-block-woocommerce-cart alignwide is-loading\">\n<div data-block-name=\"woocommerce\/filled-cart-block\" class=\"wp-block-woocommerce-filled-cart-block\">\n<div data-block-name=\"woocommerce\/cart-items-block\" class=\"wp-block-woocommerce-cart-items-block\">\n<div data-block-name=\"woocommerce\/cart-line-items-block\" class=\"wp-block-woocommerce-cart-line-items-block\"><\/div>\n\n\n<\/div>\n\n\n\n\n<div data-block-name=\"woocommerce\/cart-totals-block\" class=\"wp-block-woocommerce-cart-totals-block\">\n<div data-block-name=\"woocommerce\/cart-order-summary-block\" class=\"wp-block-woocommerce-cart-order-summary-block\">\n<div data-block-name=\"woocommerce\/cart-order-summary-heading-block\" class=\"wp-block-woocommerce-cart-order-summary-heading-block\"><\/div><div data-block-name=\"woocommerce\/cart-order-summary-coupon-form-block\" class=\"wp-block-woocommerce-cart-order-summary-coupon-form-block\"><\/div><div data-block-name=\"woocommerce\/cart-order-summary-totals-block\" class=\"wp-block-woocommerce-cart-order-summary-totals-block\">\n<div data-block-name=\"woocommerce\/cart-order-summary-subtotal-block\" class=\"wp-block-woocommerce-cart-order-summary-subtotal-block\"><\/div>\n<div data-block-name=\"woocommerce\/cart-order-summary-discount-block\" class=\"wp-block-woocommerce-cart-order-summary-discount-block\"><\/div>\n<div data-block-name=\"woocommerce\/cart-order-summary-fee-block\" class=\"wp-block-woocommerce-cart-order-summary-fee-block\"><\/div>\n<div data-block-name=\"woocommerce\/cart-order-summary-shipping-block\" class=\"wp-block-woocommerce-cart-order-summary-shipping-block\"><\/div>\n<div data-block-name=\"woocommerce\/cart-order-summary-taxes-block\" class=\"wp-block-woocommerce-cart-order-summary-taxes-block\"><\/div><\/div>\n<\/div>\n\n\n\n<div data-block-name=\"woocommerce\/cart-express-payment-block\" class=\"wp-block-woocommerce-cart-express-payment-block\"><\/div>\n\n\n\n<div data-block-name=\"woocommerce\/proceed-to-checkout-block\" class=\"wp-block-woocommerce-proceed-to-checkout-block\"><\/div>\n\n\n\n<div data-block-name=\"woocommerce\/cart-accepted-payment-methods-block\" class=\"wp-block-woocommerce-cart-accepted-payment-methods-block\"><\/div>\n<\/div>\n<\/div>\n\n\n\n<div data-block-name=\"woocommerce\/empty-cart-block\" class=\"wp-block-woocommerce-empty-cart-block\">\n<h2 class=\"wp-block-heading has-text-align-center with-empty-cart-icon wc-block-cart__empty-cart__title\">Your cart is currently empty!<\/h2>\n\n\n\n<hr class=\"wp-block-separator has-alpha-channel-opacity is-style-dots\"\/>\n\n\n\n<h2 class=\"wp-block-heading has-text-align-center\">New in store<\/h2>\n\n\n<div data-block-name=\"woocommerce\/product-new\" data-columns=\"4\" data-rows=\"1\" class=\"wc-block-grid wp-block-product-new wp-block-woocommerce-product-new wc-block-product-new has-4-columns\"><ul class=\"wc-block-grid__products\"><li class=\"wc-block-grid__product\">\n\t\t\t\t<a href=\"https:\/\/novagearstore.com\/fr\/produit\/artisan-fx-zero-soft-xl-daidai-orange\/\" class=\"wc-block-grid__product-link\">\n\t\t\t\t\t<div class=\"wc-block-grid__product-onsale\">\n\t\t\t<span aria-hidden=\"true\" data-no-translation=\"\" data-trp-gettext=\"\">Promotion<\/span>\n\t\t\t<span class=\"screen-reader-text\" data-no-translation=\"\" data-trp-gettext=\"\">Produit en promotion<\/span>\n\t\t<\/div>\n\t\t\t\t\t<div class=\"wc-block-grid__product-image\"><img loading=\"lazy\" decoding=\"async\" width=\"300\" height=\"300\" src=\"https:\/\/novagearstore.com\/wp-content\/uploads\/2026\/03\/Artisan-FX-Zero-Orange-2-640x640-2-300x300.webp\" class=\"attachment-woocommerce_thumbnail size-woocommerce_thumbnail\" alt=\"Artisan FX Zero Soft XL Daidai Orange\" srcset=\"https:\/\/novagearstore.com\/wp-content\/uploads\/2026\/03\/Artisan-FX-Zero-Orange-2-640x640-2-300x300.webp 300w, https:\/\/novagearstore.com\/wp-content\/uploads\/2026\/03\/Artisan-FX-Zero-Orange-2-640x640-2-150x150.webp 150w, https:\/\/novagearstore.com\/wp-content\/uploads\/2026\/03\/Artisan-FX-Zero-Orange-2-640x640-2-12x12.webp 12w, https:\/\/novagearstore.com\/wp-content\/uploads\/2026\/03\/Artisan-FX-Zero-Orange-2-640x640-2-600x600.webp 600w, https:\/\/novagearstore.com\/wp-content\/uploads\/2026\/03\/Artisan-FX-Zero-Orange-2-640x640-2-100x100.webp 100w, https:\/\/novagearstore.com\/wp-content\/uploads\/2026\/03\/Artisan-FX-Zero-Orange-2-640x640-2.webp 640w\" sizes=\"auto, (max-width: 300px) 100vw, 300px\" \/><\/div>\n\t\t\t\t\t<div class=\"wc-block-grid__product-title\">Artisan FX Zero Soft XL Daidai Orange<\/div>\n\t\t\t\t<\/a>\n\t\t\t\t<div class=\"wc-block-grid__product-price price\"><del aria-hidden=\"true\"><span class=\"woocommerce-Price-amount amount\"><span class=\"woocommerce-Price-currencySymbol\">\u062f.\u0645.<\/span>1,290.00<\/span><\/del> <span class=\"screen-reader-text\" data-no-translation=\"\" data-trp-gettext=\"\">Le prix initial \u00e9tait\u00a0: &#x62f;.&#x645;.1,290.00.<\/span><ins aria-hidden=\"true\"><span class=\"woocommerce-Price-amount amount\"><span class=\"woocommerce-Price-currencySymbol\">\u062f.\u0645.<\/span>1,099.00<\/span><\/ins><span class=\"screen-reader-text\" data-no-translation=\"\" data-trp-gettext=\"\">Le prix actuel est\u00a0: &#x62f;.&#x645;.1,099.00.<\/span><\/div>\n\t\t\t\t\n\t\t\t\t<div class=\"wp-block-button wc-block-grid__product-add-to-cart\"><a href=\"\/fr\/wp-json\/wp\/v2\/pages\/8?add-to-cart=902\" aria-label=\"Ajouter au panier\u00a0: \u201cArtisan FX Zero Soft XL Daidai Orange\u201d\" data-quantity=\"1\" data-product_id=\"902\" data-product_sku=\"\" data-price=\"1099\" rel=\"nofollow\" class=\"wp-block-button__link wp-element-button add_to_cart_button ajax_add_to_cart\" data-no-translation=\"\" data-trp-gettext=\"\" data-no-translation-aria-label=\"\">Ajouter au panier<\/a><\/div>\n\t\t\t<\/li><li class=\"wc-block-grid__product\">\n\t\t\t\t<a href=\"https:\/\/novagearstore.com\/fr\/produit\/custom-coiled-keyboard-cable-black\/\" class=\"wc-block-grid__product-link\">\n\t\t\t\t\t<div class=\"wc-block-grid__product-onsale\">\n\t\t\t<span aria-hidden=\"true\" data-no-translation=\"\" data-trp-gettext=\"\">Promotion<\/span>\n\t\t\t<span class=\"screen-reader-text\" data-no-translation=\"\" data-trp-gettext=\"\">Produit en promotion<\/span>\n\t\t<\/div>\n\t\t\t\t\t<div class=\"wc-block-grid__product-image\"><img loading=\"lazy\" decoding=\"async\" width=\"300\" height=\"300\" src=\"https:\/\/novagearstore.com\/wp-content\/uploads\/2026\/03\/612M2JJh3uL._AC_SX679_-300x300.jpg\" class=\"attachment-woocommerce_thumbnail size-woocommerce_thumbnail\" alt=\"Custom Coiled Keyboard Cable Black\" srcset=\"https:\/\/novagearstore.com\/wp-content\/uploads\/2026\/03\/612M2JJh3uL._AC_SX679_-300x300.jpg 300w, https:\/\/novagearstore.com\/wp-content\/uploads\/2026\/03\/612M2JJh3uL._AC_SX679_-150x150.jpg 150w, https:\/\/novagearstore.com\/wp-content\/uploads\/2026\/03\/612M2JJh3uL._AC_SX679_-13x12.jpg 13w, https:\/\/novagearstore.com\/wp-content\/uploads\/2026\/03\/612M2JJh3uL._AC_SX679_-100x100.jpg 100w\" sizes=\"auto, (max-width: 300px) 100vw, 300px\" \/><\/div>\n\t\t\t\t\t<div class=\"wc-block-grid__product-title\">C\u00e2ble spiral\u00e9 personnalis\u00e9 pour clavier noir<\/div>\n\t\t\t\t<\/a>\n\t\t\t\t<div class=\"wc-block-grid__product-price price\"><del aria-hidden=\"true\"><span class=\"woocommerce-Price-amount amount\"><span class=\"woocommerce-Price-currencySymbol\">\u062f.\u0645.<\/span>149.00<\/span><\/del> <span class=\"screen-reader-text\" data-no-translation=\"\" data-trp-gettext=\"\">Le prix initial \u00e9tait\u00a0: &#x62f;.&#x645;.149.00.<\/span><ins aria-hidden=\"true\"><span class=\"woocommerce-Price-amount amount\"><span class=\"woocommerce-Price-currencySymbol\">\u062f.\u0645.<\/span>119.00<\/span><\/ins><span class=\"screen-reader-text\" data-no-translation=\"\" data-trp-gettext=\"\">Le prix actuel est\u00a0: &#x62f;.&#x645;.119.00.<\/span><\/div>\n\t\t\t\t\n\t\t\t\t<div class=\"wp-block-button wc-block-grid__product-add-to-cart\"><a href=\"\/fr\/wp-json\/wp\/v2\/pages\/8?add-to-cart=742\" aria-label=\"Ajouter au panier\u00a0: \u201cCustom Coiled Keyboard Cable Black\u201d\" data-quantity=\"1\" data-product_id=\"742\" data-product_sku=\"\" data-price=\"119\" rel=\"nofollow\" class=\"wp-block-button__link wp-element-button add_to_cart_button ajax_add_to_cart\" data-no-translation=\"\" data-trp-gettext=\"\" data-no-translation-aria-label=\"\">Ajouter au panier<\/a><\/div>\n\t\t\t<\/li><li class=\"wc-block-grid__product\">\n\t\t\t\t<a href=\"https:\/\/novagearstore.com\/fr\/produit\/custom-coiled-keyboard-cable-red\/\" class=\"wc-block-grid__product-link\">\n\t\t\t\t\t<div class=\"wc-block-grid__product-onsale\">\n\t\t\t<span aria-hidden=\"true\" data-no-translation=\"\" data-trp-gettext=\"\">Promotion<\/span>\n\t\t\t<span class=\"screen-reader-text\" data-no-translation=\"\" data-trp-gettext=\"\">Produit en promotion<\/span>\n\t\t<\/div>\n\t\t\t\t\t<div class=\"wc-block-grid__product-image\"><img loading=\"lazy\" decoding=\"async\" width=\"300\" height=\"300\" src=\"https:\/\/novagearstore.com\/wp-content\/uploads\/2026\/03\/71AbZDpSTUL._AC_SX679_-300x300.jpg\" class=\"attachment-woocommerce_thumbnail size-woocommerce_thumbnail\" alt=\"Custom Coiled Keyboard Cable Red\" srcset=\"https:\/\/novagearstore.com\/wp-content\/uploads\/2026\/03\/71AbZDpSTUL._AC_SX679_-300x300.jpg 300w, https:\/\/novagearstore.com\/wp-content\/uploads\/2026\/03\/71AbZDpSTUL._AC_SX679_-150x150.jpg 150w, https:\/\/novagearstore.com\/wp-content\/uploads\/2026\/03\/71AbZDpSTUL._AC_SX679_-12x12.jpg 12w, https:\/\/novagearstore.com\/wp-content\/uploads\/2026\/03\/71AbZDpSTUL._AC_SX679_-100x100.jpg 100w\" sizes=\"auto, (max-width: 300px) 100vw, 300px\" \/><\/div>\n\t\t\t\t\t<div class=\"wc-block-grid__product-title\">C\u00e2ble spiral\u00e9 personnalis\u00e9 pour clavier rouge<\/div>\n\t\t\t\t<\/a>\n\t\t\t\t<div class=\"wc-block-grid__product-price price\"><del aria-hidden=\"true\"><span class=\"woocommerce-Price-amount amount\"><span class=\"woocommerce-Price-currencySymbol\">\u062f.\u0645.<\/span>149.00<\/span><\/del> <span class=\"screen-reader-text\" data-no-translation=\"\" data-trp-gettext=\"\">Le prix initial \u00e9tait\u00a0: &#x62f;.&#x645;.149.00.<\/span><ins aria-hidden=\"true\"><span class=\"woocommerce-Price-amount amount\"><span class=\"woocommerce-Price-currencySymbol\">\u062f.\u0645.<\/span>119.00<\/span><\/ins><span class=\"screen-reader-text\" data-no-translation=\"\" data-trp-gettext=\"\">Le prix actuel est\u00a0: &#x62f;.&#x645;.119.00.<\/span><\/div>\n\t\t\t\t\n\t\t\t\t<div class=\"wp-block-button wc-block-grid__product-add-to-cart\"><a href=\"\/fr\/wp-json\/wp\/v2\/pages\/8?add-to-cart=744\" aria-label=\"Ajouter au panier\u00a0: \u201cCustom Coiled Keyboard Cable Red\u201d\" data-quantity=\"1\" data-product_id=\"744\" data-product_sku=\"\" data-price=\"119\" rel=\"nofollow\" class=\"wp-block-button__link wp-element-button add_to_cart_button ajax_add_to_cart\" data-no-translation=\"\" data-trp-gettext=\"\" data-no-translation-aria-label=\"\">Ajouter au panier<\/a><\/div>\n\t\t\t<\/li><li class=\"wc-block-grid__product\">\n\t\t\t\t<a href=\"https:\/\/novagearstore.com\/fr\/produit\/custom-coiled-keyboard-cable-white\/\" class=\"wc-block-grid__product-link\">\n\t\t\t\t\t<div class=\"wc-block-grid__product-onsale\">\n\t\t\t<span aria-hidden=\"true\" data-no-translation=\"\" data-trp-gettext=\"\">Promotion<\/span>\n\t\t\t<span class=\"screen-reader-text\" data-no-translation=\"\" data-trp-gettext=\"\">Produit en promotion<\/span>\n\t\t<\/div>\n\t\t\t\t\t<div class=\"wc-block-grid__product-image\"><img loading=\"lazy\" decoding=\"async\" width=\"300\" height=\"300\" src=\"https:\/\/novagearstore.com\/wp-content\/uploads\/2026\/03\/61vSl09N1vL._AC_SX679_-300x300.jpg\" class=\"attachment-woocommerce_thumbnail size-woocommerce_thumbnail\" alt=\"Custom Coiled Keyboard Cable White\" srcset=\"https:\/\/novagearstore.com\/wp-content\/uploads\/2026\/03\/61vSl09N1vL._AC_SX679_-300x300.jpg 300w, https:\/\/novagearstore.com\/wp-content\/uploads\/2026\/03\/61vSl09N1vL._AC_SX679_-150x150.jpg 150w, https:\/\/novagearstore.com\/wp-content\/uploads\/2026\/03\/61vSl09N1vL._AC_SX679_-12x12.jpg 12w, https:\/\/novagearstore.com\/wp-content\/uploads\/2026\/03\/61vSl09N1vL._AC_SX679_-100x100.jpg 100w\" sizes=\"auto, (max-width: 300px) 100vw, 300px\" \/><\/div>\n\t\t\t\t\t<div class=\"wc-block-grid__product-title\">C\u00e2ble spiral\u00e9 personnalis\u00e9 pour clavier blanc<\/div>\n\t\t\t\t<\/a>\n\t\t\t\t<div class=\"wc-block-grid__product-price price\"><del aria-hidden=\"true\"><span class=\"woocommerce-Price-amount amount\"><span class=\"woocommerce-Price-currencySymbol\">\u062f.\u0645.<\/span>149.00<\/span><\/del> <span class=\"screen-reader-text\" data-no-translation=\"\" data-trp-gettext=\"\">Le prix initial \u00e9tait\u00a0: &#x62f;.&#x645;.149.00.<\/span><ins aria-hidden=\"true\"><span class=\"woocommerce-Price-amount amount\"><span class=\"woocommerce-Price-currencySymbol\">\u062f.\u0645.<\/span>119.00<\/span><\/ins><span class=\"screen-reader-text\" data-no-translation=\"\" data-trp-gettext=\"\">Le prix actuel est\u00a0: &#x62f;.&#x645;.119.00.<\/span><\/div>\n\t\t\t\t\n\t\t\t\t<div class=\"wp-block-button wc-block-grid__product-add-to-cart\"><a href=\"\/fr\/wp-json\/wp\/v2\/pages\/8?add-to-cart=743\" aria-label=\"Ajouter au panier\u00a0: \u201cCustom Coiled Keyboard Cable White\u201d\" data-quantity=\"1\" data-product_id=\"743\" data-product_sku=\"\" data-price=\"119\" rel=\"nofollow\" class=\"wp-block-button__link wp-element-button add_to_cart_button ajax_add_to_cart\" data-no-translation=\"\" data-trp-gettext=\"\" data-no-translation-aria-label=\"\">Ajouter au panier<\/a><\/div>\n\t\t\t<\/li><\/ul><\/div><\/div>\n<\/div>","protected":false},"excerpt":{"rendered":"","protected":false},"author":1,"featured_media":0,"parent":0,"menu_order":0,"comment_status":"closed","ping_status":"closed","template":"","meta":{"footnotes":""},"class_list":["post-8","page","type-page","status-publish","hentry"],"_links":{"self":[{"href":"https:\/\/novagearstore.com\/fr\/wp-json\/wp\/v2\/pages\/8","targetHints":{"allow":["GET"]}}],"collection":[{"href":"https:\/\/novagearstore.com\/fr\/wp-json\/wp\/v2\/pages"}],"about":[{"href":"https:\/\/novagearstore.com\/fr\/wp-json\/wp\/v2\/types\/page"}],"author":[{"embeddable":true,"href":"https:\/\/novagearstore.com\/fr\/wp-json\/wp\/v2\/users\/1"}],"replies":[{"embeddable":true,"href":"https:\/\/novagearstore.com\/fr\/wp-json\/wp\/v2\/comments?post=8"}],"version-history":[{"count":1,"href":"https:\/\/novagearstore.com\/fr\/wp-json\/wp\/v2\/pages\/8\/revisions"}],"predecessor-version":[{"id":40,"href":"https:\/\/novagearstore.com\/fr\/wp-json\/wp\/v2\/pages\/8\/revisions\/40"}],"wp:attachment":[{"href":"https:\/\/novagearstore.com\/fr\/wp-json\/wp\/v2\/media?parent=8"}],"curies":[{"name":"wp","href":"https:\/\/api.w.org\/{rel}","templated":true}]}}